{"id":189,"date":"2024-03-21T09:40:14","date_gmt":"2024-03-21T09:40:14","guid":{"rendered":"https:\/\/psychiatrie-zentral.ch\/?page_id=189"},"modified":"2024-04-10T17:20:39","modified_gmt":"2024-04-10T17:20:39","slug":"beratungspakete-fuer-selbstbezahler","status":"publish","type":"page","link":"https:\/\/psychiatrie-zentral.ch\/?page_id=189","title":{"rendered":"Beratungspakete f\u00fcr Selbstbezahler"},"content":{"rendered":"\n<p class=\"has-black-color has-text-color has-link-color wp-elements-1816e8b3672b1f4b9926874e37873a8e\">Sie sind interessiert meine Beratung und Begleitung als Selbstzahler in Anspruch zu nehmen.<\/p>\n\n\n\n<p class=\"has-black-color has-text-color has-link-color wp-elements-bf6ea58a6b8993d18a9582e0641bab10\">Entnehmen sie die Details bitte folgend:<\/p>\n\n\n\n<p class=\"has-black-color has-text-color has-link-color wp-elements-019a536eb660b337a777728a7138cf00\">Nach ihrer Anmeldung (Siehe Anmeldung) bekommen sie von mir einen Fragebogen zugestellt welchen sie bitte bis 5 Tage vor dem Aufnahmegespr\u00e4ch an mich retournieren. So kann ich mir einen oberfl\u00e4chlichen Eindruck verschaffen und bereits gut vorbereitet am Aufnahmegespr\u00e4ch auf sie eingehen.<\/p>\n\n\n\n<p class=\"has-black-color has-text-color has-link-color wp-elements-435cf0f25ed513f637be0de04f885510\">Nach dem Aufnahmegespr\u00e4ch berate ich sie gerne, \u00fcber weiterf\u00fchrende Sitzungen. Sie d\u00fcrfen dann frei entscheiden, f\u00fcr welches Angebot sie sich entscheiden.<\/p>\n\n\n\n<p class=\"has-black-color has-text-color has-link-color wp-elements-ab539fca5562a9019a27b961c34ddac9\">Ich freue mich, sie auf ihrem Weg zu begleiten.<\/p>\n\n\n\n<p class=\"has-black-color has-text-color has-link-color wp-elements-c1592f3e30ed7679d5d773190624c572\"><strong>Aufnahmegespr\u00e4ch 150.- (60min)<\/strong><\/p>\n\n\n\n<p>Kennenlernen<br>Festlegen von Zielen und Ma\u00dfnahmen<\/p>\n\n\n\n<p class=\"has-black-color has-text-color has-link-color wp-elements-e6281113737a6b15f3649ac2559ae221\"><strong>Weiterf\u00fchrende Sitzungen:<\/strong><\/p>\n\n\n\n<figure class=\"wp-block-table\"><table><tbody><tr><td><strong>Sitzungen<\/strong><\/td><td><strong>Kosten<\/strong> CHF<\/td><td><strong>Dauer pro Termin<\/strong><\/td><\/tr><tr><td>&nbsp;1<\/td><td>225.-<\/td><td>90 min<\/td><\/tr><tr><td>&nbsp;3<\/td><td>660.-<\/td><td>90 min<\/td><\/tr><tr><td>&nbsp;5<\/td><td>1100.-<\/td><td>90 min<\/td><\/tr><tr><td>10<\/td><td>2190.-<\/td><td>90 min<\/td><\/tr><\/tbody><\/table><\/figure>\n\n\n\n<p class=\"has-black-color has-text-color has-link-color wp-elements-687e5a3aa7a1c81822d1b3904454f501\">Jede weiter Viertelstunde wird mit 37.50 Fr. verrechnet.<br>In den Preisen sind die Vorbereitung der Sitzungen sowie die Nachbereitungen inbegriffen.<br>Allenfalls ben\u00f6tigtes Material (Skripte etc) sind inbegriffen.<\/p>\n\n\n\n<figure class=\"wp-block-image size-large\"><img fetchpriority=\"high\" decoding=\"async\" width=\"1024\" height=\"614\" src=\"https:\/\/psychiatrie-zentral.ch\/wp-content\/uploads\/2023\/10\/cropped-sunset-1373171_1280-1024x614.png\" alt=\"\" class=\"wp-image-75\" srcset=\"https:\/\/psychiatrie-zentral.ch\/wp-content\/uploads\/2023\/10\/cropped-sunset-1373171_1280-1024x614.png 1024w, https:\/\/psychiatrie-zentral.ch\/wp-content\/uploads\/2023\/10\/cropped-sunset-1373171_1280-300x180.png 300w, https:\/\/psychiatrie-zentral.ch\/wp-content\/uploads\/2023\/10\/cropped-sunset-1373171_1280-768x461.png 768w, https:\/\/psychiatrie-zentral.ch\/wp-content\/uploads\/2023\/10\/cropped-sunset-1373171_1280-1536x922.png 1536w, https:\/\/psychiatrie-zentral.ch\/wp-content\/uploads\/2023\/10\/cropped-sunset-1373171_1280.png 2000w\" sizes=\"(max-width: 1024px) 100vw, 1024px\" \/><\/figure>\n","protected":false},"excerpt":{"rendered":"<p>Sie sind interessiert meine Beratung und Begleitung als Selbstzahler in Anspruch zu nehmen. Entnehmen sie die Details bitte folgend: Nach ihrer Anmeldung (Siehe Anmeldung) bekommen sie von mir einen Fragebogen zugestellt welchen sie bitte bis 5 Tage vor dem Aufnahmegespr\u00e4ch an mich retournieren. So kann ich mir einen oberfl\u00e4chlichen Eindruck verschaffen und bereits gut vorbereitet&hellip; <br \/> <a class=\"read-more\" href=\"https:\/\/psychiatrie-zentral.ch\/?page_id=189\">Weiterlesen<\/a><\/p>\n","protected":false},"author":2,"featured_media":0,"parent":0,"menu_order":0,"comment_status":"closed","ping_status":"closed","template":"","meta":{"footnotes":""},"class_list":["post-189","page","type-page","status-publish","hentry"],"jetpack_sharing_enabled":true,"_links":{"self":[{"href":"https:\/\/psychiatrie-zentral.ch\/index.php?rest_route=\/wp\/v2\/pages\/189","targetHints":{"allow":["GET"]}}],"collection":[{"href":"https:\/\/psychiatrie-zentral.ch\/index.php?rest_route=\/wp\/v2\/pages"}],"about":[{"href":"https:\/\/psychiatrie-zentral.ch\/index.php?rest_route=\/wp\/v2\/types\/page"}],"author":[{"embeddable":true,"href":"https:\/\/psychiatrie-zentral.ch\/index.php?rest_route=\/wp\/v2\/users\/2"}],"replies":[{"embeddable":true,"href":"https:\/\/psychiatrie-zentral.ch\/index.php?rest_route=%2Fwp%2Fv2%2Fcomments&post=189"}],"version-history":[{"count":4,"href":"https:\/\/psychiatrie-zentral.ch\/index.php?rest_route=\/wp\/v2\/pages\/189\/revisions"}],"predecessor-version":[{"id":296,"href":"https:\/\/psychiatrie-zentral.ch\/index.php?rest_route=\/wp\/v2\/pages\/189\/revisions\/296"}],"wp:attachment":[{"href":"https:\/\/psychiatrie-zentral.ch\/index.php?rest_route=%2Fwp%2Fv2%2Fmedia&parent=189"}],"curies":[{"name":"wp","href":"https:\/\/api.w.org\/{rel}","templated":true}]}}