{"id":2,"date":"2023-10-16T15:54:48","date_gmt":"2023-10-16T15:54:48","guid":{"rendered":"https:\/\/genti.ch\/?page_id=2"},"modified":"2024-04-10T17:00:51","modified_gmt":"2024-04-10T17:00:51","slug":"sample-page","status":"publish","type":"page","link":"https:\/\/psychiatrie-zentral.ch\/?page_id=2","title":{"rendered":"Angebot"},"content":{"rendered":"\n<p class=\"has-black-color has-text-color has-link-color wp-elements-824e01cfe037eba2068f091e8ada3e0f\"><strong>Ich betrete da ihren Weg, wo Sie stehen und nicht mehr wissen wie sie weitersollen oder unsicher sind, dies allein zu tun.<\/strong><\/p>\n\n\n\n<p class=\"has-black-color has-text-color has-link-color wp-elements-8c79d5e9047b1cfc8ef4a6f67b627dc7\">Mein Angebot richtet sich an Menschen mit einer psychiatrischen Diagnose oder einer belastenden psychosozialen Situation.<\/p>\n\n\n\n<p style=\"font-style:normal;font-weight:300\">Abkl\u00e4rung der physischen, psychischen und sozialen Situation, gegebenenfalls unter Beteiligung der Angeh\u00f6rigen und\/oder weiteren Fachpersonen<\/p>\n\n\n\n<p style=\"font-style:normal;font-weight:300\">Bedarfsabkl\u00e4rung mit der verbundenen Planung der n\u00f6tigen Ma\u00dfnahmen<\/p>\n\n\n\n<p style=\"font-style:normal;font-weight:300\">Beratung und Anleitung zum Erkennen und Einsetzen von Ressourcen<\/p>\n\n\n\n<p style=\"font-style:normal;font-weight:300\">Hilfestellung bei Problem- und Krisenbew\u00e4ltigung<\/p>\n\n\n\n<p style=\"font-style:normal;font-weight:300\">Unterst\u00fctzung in der medikament\u00f6sen Therapie<\/p>\n\n\n\n<p style=\"font-style:normal;font-weight:300\">Begleitung bei der Alltagsbew\u00e4ltigung<\/p>\n\n\n\n<p style=\"font-style:normal;font-weight:300\">Erarbeiten einer Tagesstruktur<\/p>\n\n\n\n<p style=\"font-style:normal;font-weight:300\">Pr\u00e4ventive Ma\u00dfnahmen<\/p>\n\n\n\n<p style=\"font-style:normal;font-weight:300\">Unterst\u00fctzung bei Gefahr der Isolation oder Verwahrlosung<\/p>\n\n\n\n<p style=\"font-style:normal;font-weight:300\">Wiedereingliederung in Freizeitangebote<\/p>\n\n\n\n<p style=\"font-style:normal;font-weight:300\">F\u00f6rderung und Unterst\u00fctzung bei der Selbstorganisation<\/p>\n\n\n\n<p style=\"font-style:normal;font-weight:300\">Koordination und Beratung der Angeh\u00f6rigen und freiwilligen Hilfspersonen<\/p>\n\n\n\n<p style=\"font-style:normal;font-weight:300\">Beratung und Pr\u00e4vention im Umgang mit Aggression und Gewalt<\/p>\n\n\n\n<figure class=\"wp-block-image size-large\"><img fetchpriority=\"high\" decoding=\"async\" width=\"1024\" height=\"682\" src=\"https:\/\/psychiatrie-zentral.ch\/wp-content\/uploads\/2023\/12\/cherry-blossoms-4951853_1280-1024x682.png\" alt=\"\" class=\"wp-image-141\" srcset=\"https:\/\/psychiatrie-zentral.ch\/wp-content\/uploads\/2023\/12\/cherry-blossoms-4951853_1280-1024x682.png 1024w, https:\/\/psychiatrie-zentral.ch\/wp-content\/uploads\/2023\/12\/cherry-blossoms-4951853_1280-300x200.png 300w, https:\/\/psychiatrie-zentral.ch\/wp-content\/uploads\/2023\/12\/cherry-blossoms-4951853_1280-768x512.png 768w, https:\/\/psychiatrie-zentral.ch\/wp-content\/uploads\/2023\/12\/cherry-blossoms-4951853_1280.png 1280w\" sizes=\"(max-width: 1024px) 100vw, 1024px\" \/><\/figure>\n","protected":false},"excerpt":{"rendered":"<p>Ich betrete da ihren Weg, wo Sie stehen und nicht mehr wissen wie sie weitersollen oder unsicher sind, dies allein zu tun. Mein Angebot richtet sich an Menschen mit einer psychiatrischen Diagnose oder einer belastenden psychosozialen Situation. Abkl\u00e4rung der physischen, psychischen und sozialen Situation, gegebenenfalls unter Beteiligung der Angeh\u00f6rigen und\/oder weiteren Fachpersonen Bedarfsabkl\u00e4rung mit der&hellip; <br \/> <a class=\"read-more\" href=\"https:\/\/psychiatrie-zentral.ch\/?page_id=2\">Weiterlesen<\/a><\/p>\n","protected":false},"author":1,"featured_media":0,"parent":0,"menu_order":0,"comment_status":"closed","ping_status":"closed","template":"","meta":{"footnotes":""},"class_list":["post-2","page","type-page","status-publish","hentry"],"jetpack_sharing_enabled":true,"_links":{"self":[{"href":"https:\/\/psychiatrie-zentral.ch\/index.php?rest_route=\/wp\/v2\/pages\/2","targetHints":{"allow":["GET"]}}],"collection":[{"href":"https:\/\/psychiatrie-zentral.ch\/index.php?rest_route=\/wp\/v2\/pages"}],"about":[{"href":"https:\/\/psychiatrie-zentral.ch\/index.php?rest_route=\/wp\/v2\/types\/page"}],"author":[{"embeddable":true,"href":"https:\/\/psychiatrie-zentral.ch\/index.php?rest_route=\/wp\/v2\/users\/1"}],"replies":[{"embeddable":true,"href":"https:\/\/psychiatrie-zentral.ch\/index.php?rest_route=%2Fwp%2Fv2%2Fcomments&post=2"}],"version-history":[{"count":9,"href":"https:\/\/psychiatrie-zentral.ch\/index.php?rest_route=\/wp\/v2\/pages\/2\/revisions"}],"predecessor-version":[{"id":281,"href":"https:\/\/psychiatrie-zentral.ch\/index.php?rest_route=\/wp\/v2\/pages\/2\/revisions\/281"}],"wp:attachment":[{"href":"https:\/\/psychiatrie-zentral.ch\/index.php?rest_route=%2Fwp%2Fv2%2Fmedia&parent=2"}],"curies":[{"name":"wp","href":"https:\/\/api.w.org\/{rel}","templated":true}]}}