{"id":218,"date":"2024-03-21T10:12:09","date_gmt":"2024-03-21T10:12:09","guid":{"rendered":"https:\/\/psychiatrie-zentral.ch\/?page_id=218"},"modified":"2024-04-11T07:05:47","modified_gmt":"2024-04-11T07:05:47","slug":"notfall","status":"publish","type":"page","link":"https:\/\/psychiatrie-zentral.ch\/?page_id=218","title":{"rendered":"Notfall"},"content":{"rendered":"\n<p class=\"has-black-color has-text-color has-link-color wp-elements-c3780fb4ff968d2c12f1d8db02c85b6f\">Bleiben sie ruhig, es gibt immer einen Weg und jemand der f\u00fcr sie da ist.<\/p>\n\n\n\n<figure class=\"wp-block-image size-large\"><img fetchpriority=\"high\" decoding=\"async\" width=\"1024\" height=\"682\" src=\"https:\/\/psychiatrie-zentral.ch\/wp-content\/uploads\/2024\/04\/wooden-wall-949818_1280-1024x682.png\" alt=\"\" class=\"wp-image-297\" srcset=\"https:\/\/psychiatrie-zentral.ch\/wp-content\/uploads\/2024\/04\/wooden-wall-949818_1280-1024x682.png 1024w, https:\/\/psychiatrie-zentral.ch\/wp-content\/uploads\/2024\/04\/wooden-wall-949818_1280-300x200.png 300w, https:\/\/psychiatrie-zentral.ch\/wp-content\/uploads\/2024\/04\/wooden-wall-949818_1280-768x512.png 768w, https:\/\/psychiatrie-zentral.ch\/wp-content\/uploads\/2024\/04\/wooden-wall-949818_1280.png 1280w\" sizes=\"(max-width: 1024px) 100vw, 1024px\" \/><\/figure>\n\n\n\n<p class=\"has-black-color has-text-color has-link-color wp-elements-1ac71f0e0a6f6646b5ff7e9e215bca28\"> <br>Sie befinden sich in einer Notsituation, haben sie bereits einen pers\u00f6nlichen Notfallplan? Versuchen sie sich an diesen zu halten.<br>In Lebensbedrohlichen oder gef\u00e4hrlichen Situationen melden sie sich bitte direkt und ohne zu z\u00f6gern direkt an den Rettungsdienst <strong>144 <\/strong>oder die Polize<strong>i 117.<\/strong><br>K\u00f6nnen sie ihre Therapeuten und Begleitenden Personen nicht erreichen so wenden sie sich bitte an die in ihrem Kanton zug\u00e4nglichen Notfallangebote.<\/p>\n\n\n\n<div class=\"wp-block-buttons is-content-justification-center is-layout-flex wp-container-core-buttons-is-layout-16018d1d wp-block-buttons-is-layout-flex\">\n<div class=\"wp-block-button is-style-fill\"><a class=\"wp-block-button__link has-black-color has-blush-light-purple-gradient-background has-text-color has-background has-link-color wp-element-button\">Luzern<\/a><\/div>\n<\/div>\n\n\n\n<p><\/p>\n\n\n\n<p class=\"has-black-color has-text-color has-link-color wp-elements-8ec091a86bfe8631a4a61ae6e2cfbdac\"><strong>Erwachsene<\/strong><br><strong>Triage- und Notfallstelle&nbsp;<em>lups<\/em><\/strong><br>Tel: <a href=\"tel:058%20856%2053%2000\">058 856 53 00<\/a> (24 h)<\/p>\n\n\n\n<p class=\"has-black-color has-text-color has-link-color wp-elements-fb9e0a84692e1afec7e26487d138b217\"><strong>Kinder und Jugendliche<\/strong><br><strong>Ambulatorium KJPD<\/strong><br>Tel: <a href=\"tel:058%208564500\" target=\"_blank\" rel=\"noreferrer noopener\">058 856 45 00<\/a><br>07.45 \u2013 12.00 Uhr und 13.30 \u2013 17.15 Uhr<\/p>\n\n\n\n<p class=\"has-black-color has-text-color has-link-color wp-elements-29a82cde0bc3d7fec4a6fe18b48c07cc\"><strong>Au\u00dferhalb der B\u00fcrozeiten:<br>\u00c4rztlicher Notfalldienst<\/strong> Tel: <a href=\"tel:0900%2011%2014%2014\">0900 11 14 14<\/a><\/p>\n\n\n\n<p class=\"has-black-color has-text-color has-link-color wp-elements-af3f4bfed713ffe7a1b32cea99254280\"><strong>Jugendliche mit akuter Selbst- oder Fremdgef\u00e4hrdung<\/strong><br>Akut \u2013 und Intensivstation AKIS<br>Tel: <a href=\"tel:058%20856%2045%2045\">058 856 45 45<\/a> (24 h)<\/p>\n\n\n\n<p class=\"has-black-color has-text-color has-link-color wp-elements-f7fb5a75b9cf75ba0261cd681aec0dfc\"><strong>Beratungshotline f\u00fcr Angeh\u00f6rige, Patientinnen und Patienten ein Angebot der LUPS<\/strong><br>F\u00fcr eine umfassendere telefonische Beratung steht Ihnen die Hotline rund um die Uhr zur Verf\u00fcgung. Die Beratung ist ab der 10. Minuten kostenpflichtig (3.23 CH\/Min.).<br>Tel: <a href=\"tel:0900%2085%2065%2065\"><strong>0900 85 65 65<\/strong><\/a> <\/p>\n\n\n\n<div class=\"wp-block-buttons is-content-justification-center is-layout-flex wp-container-core-buttons-is-layout-16018d1d wp-block-buttons-is-layout-flex\">\n<div class=\"wp-block-button\"><a class=\"wp-block-button__link has-black-color has-blush-light-purple-gradient-background has-text-color has-background has-link-color wp-element-button\">Zug &amp; Schwyz<\/a><\/div>\n<\/div>\n\n\n\n<p><\/p>\n\n\n\n<p class=\"has-black-color has-text-color has-link-color wp-elements-7f04676344f182882c30c1db86c065a6\">Klinik Zugersee: Tel. 041 726 33 00 (au\u00dferhalb der \u00d6ffnungszeiten melden Sie sich an den amtlichen Notfalldienst Tel. 0900 008 008 (3.23\/Min.)<br>F\u00fcr weitere Informationen und Kontakte zu&nbsp; Notf\u00e4llen im Kanton Zug und Schwyz w\u00e4hlen sie bitte folgenden Link: <a href=\"https:\/\/www.triaplus.ch\/notfall\">Notfall &#8211; Informationen f\u00fcr Notf\u00e4lle | Triaplus AG<\/a><\/p>\n\n\n\n<div class=\"wp-block-buttons is-content-justification-center is-layout-flex wp-container-core-buttons-is-layout-16018d1d wp-block-buttons-is-layout-flex\">\n<div class=\"wp-block-button\"><a class=\"wp-block-button__link has-black-color has-blush-light-purple-gradient-background has-text-color has-background has-link-color wp-element-button\">Z\u00fcrich<\/a><\/div>\n<\/div>\n\n\n\n<p><\/p>\n\n\n\n<p class=\"has-black-color has-text-color has-link-color wp-elements-aa14fe03794868b43a9bc6bec1190447\">Kinder &amp; Jugendliche: <br>Krisen-, Abkl\u00e4rungs-, Notfall- und Triagezentrum (KANT),&nbsp;kjpp.kant@pukzh.ch;&nbsp;<br>Tel: +41 58 384 66 66<\/p>\n\n\n\n<p class=\"has-black-color has-text-color has-link-color wp-elements-9d65beadae9465bdb1443bcbcc263f79\">Kriseninterventionszentrum (KIZ) Winterthur: Tel. 052 264 37 00 (24h Erreichbarkeit)<br>Kriseninterventionszentrum (KIZ) Z\u00fcrich: Tel. 044 296 73 10 (24h Erreichbarkeit)<br>Kriseninterventionszentrum (KIZ) Oberland:&nbsp;Tel. 044 929 82 20 (24h Erreichbarkeit)<\/p>\n\n\n\n<p class=\"has-black-color has-text-color has-link-color wp-elements-36e2a9a8f1c1535e4b21f71d611b202a\">\u00c4rztefon (Notfallarzt): Tel. 0800 33 66 55<br>SOS \u00c4rzte: Tel. 044 360 44 44<\/p>\n\n\n\n<div class=\"wp-block-buttons is-content-justification-center is-layout-flex wp-container-core-buttons-is-layout-16018d1d wp-block-buttons-is-layout-flex\">\n<div class=\"wp-block-button\"><a class=\"wp-block-button__link has-black-color has-blush-light-purple-gradient-background has-text-color has-background has-link-color wp-element-button\">Weitere Angebote<\/a><\/div>\n<\/div>\n\n\n\n<p><\/p>\n\n\n\n<p class=\"has-black-color has-text-color has-link-color wp-elements-f42323ba5427b2ba8373fd44416a1fd2\">Dargebotene Hand: <strong>Tel. 143<\/strong><br>Dargebotene Hand f\u00fcr Jugendliche: <strong>Tel. 147<\/strong><br>Elternnotruf: <strong>0848 35 45 55 (Festnetztarif)<\/strong><\/p>\n\n\n\n<p class=\"has-black-color has-text-color has-link-color wp-elements-6ef7b44d1ae6270df0a20216ef0ab8d9\">Pro mente sana: 0848 800 858 Kostenlose Telefonberatung (Normaltarif)<\/p>\n","protected":false},"excerpt":{"rendered":"<p>Bleiben sie ruhig, es gibt immer einen Weg und jemand der f\u00fcr sie da ist. Sie befinden sich in einer Notsituation, haben sie bereits einen pers\u00f6nlichen Notfallplan? Versuchen sie sich an diesen zu halten.In Lebensbedrohlichen oder gef\u00e4hrlichen Situationen melden sie sich bitte direkt und ohne zu z\u00f6gern direkt an den Rettungsdienst 144 oder die Polizei&hellip; <br \/> <a class=\"read-more\" href=\"https:\/\/psychiatrie-zentral.ch\/?page_id=218\">Weiterlesen<\/a><\/p>\n","protected":false},"author":2,"featured_media":0,"parent":0,"menu_order":0,"comment_status":"closed","ping_status":"closed","template":"","meta":{"footnotes":""},"class_list":["post-218","page","type-page","status-publish","hentry"],"jetpack_sharing_enabled":true,"_links":{"self":[{"href":"https:\/\/psychiatrie-zentral.ch\/index.php?rest_route=\/wp\/v2\/pages\/218","targetHints":{"allow":["GET"]}}],"collection":[{"href":"https:\/\/psychiatrie-zentral.ch\/index.php?rest_route=\/wp\/v2\/pages"}],"about":[{"href":"https:\/\/psychiatrie-zentral.ch\/index.php?rest_route=\/wp\/v2\/types\/page"}],"author":[{"embeddable":true,"href":"https:\/\/psychiatrie-zentral.ch\/index.php?rest_route=\/wp\/v2\/users\/2"}],"replies":[{"embeddable":true,"href":"https:\/\/psychiatrie-zentral.ch\/index.php?rest_route=%2Fwp%2Fv2%2Fcomments&post=218"}],"version-history":[{"count":8,"href":"https:\/\/psychiatrie-zentral.ch\/index.php?rest_route=\/wp\/v2\/pages\/218\/revisions"}],"predecessor-version":[{"id":324,"href":"https:\/\/psychiatrie-zentral.ch\/index.php?rest_route=\/wp\/v2\/pages\/218\/revisions\/324"}],"wp:attachment":[{"href":"https:\/\/psychiatrie-zentral.ch\/index.php?rest_route=%2Fwp%2Fv2%2Fmedia&parent=218"}],"curies":[{"name":"wp","href":"https:\/\/api.w.org\/{rel}","templated":true}]}}