{"id":51,"date":"2023-10-16T19:04:48","date_gmt":"2023-10-16T19:04:48","guid":{"rendered":"https:\/\/genti.ch\/?page_id=51"},"modified":"2025-02-07T13:03:32","modified_gmt":"2025-02-07T13:03:32","slug":"jacqueline-schmidt","status":"publish","type":"page","link":"https:\/\/psychiatrie-zentral.ch\/?page_id=51","title":{"rendered":"\u00dcber mich"},"content":{"rendered":"\n<p class=\"has-black-color has-text-color has-link-color wp-elements-5a913af476f59ad86321cdd076d2fa1d\">Ich bin in einem kleinen Grafenst\u00e4dtchen im Heidiland gro\u00df geworden. Bereits als kleinstes M\u00e4dchen faszinierten mich soziale Kontakte, Menschen aus verschiedenen L\u00e4ndern und Schichten. Mein sonniges Gem\u00fct und meine offene Art wurden mir in die Wiege gelegt und erm\u00f6glichten es mir, diese Kontakte aufzunehmen, zu pflegen und zu erhalten. Steine auf meinem Weg, anders sein, Ungeplantes, sah ich stets als Herausforderung. Ich eignete mir an, diese Herausforderungen nicht als Ballast zu sehen, sondern hier meine Kreativit\u00e4t ins Leben zu bringen und mir selbst zu vertrauen.<\/p>\n\n\n<div class=\"wp-block-image\">\n<figure class=\"alignleft size-large is-resized\"><img fetchpriority=\"high\" decoding=\"async\" width=\"682\" height=\"1024\" src=\"https:\/\/psychiatrie-zentral.ch\/wp-content\/uploads\/2025\/02\/IMG-20250207-WA0002-682x1024.jpg\" alt=\"\" class=\"wp-image-350\" style=\"width:371px;height:auto\" srcset=\"https:\/\/psychiatrie-zentral.ch\/wp-content\/uploads\/2025\/02\/IMG-20250207-WA0002-682x1024.jpg 682w, https:\/\/psychiatrie-zentral.ch\/wp-content\/uploads\/2025\/02\/IMG-20250207-WA0002-200x300.jpg 200w, https:\/\/psychiatrie-zentral.ch\/wp-content\/uploads\/2025\/02\/IMG-20250207-WA0002-768x1153.jpg 768w, https:\/\/psychiatrie-zentral.ch\/wp-content\/uploads\/2025\/02\/IMG-20250207-WA0002-1023x1536.jpg 1023w, https:\/\/psychiatrie-zentral.ch\/wp-content\/uploads\/2025\/02\/IMG-20250207-WA0002-1024x1537.jpg 1024w, https:\/\/psychiatrie-zentral.ch\/wp-content\/uploads\/2025\/02\/IMG-20250207-WA0002-720x1080.jpg 720w, https:\/\/psychiatrie-zentral.ch\/wp-content\/uploads\/2025\/02\/IMG-20250207-WA0002.jpg 1066w\" sizes=\"(max-width: 682px) 100vw, 682px\" \/><\/figure>\n<\/div>\n\n\n<p class=\"has-black-color has-text-color has-link-color wp-elements-a1eb9f5bf556efb1497008338b3c7898\">Meine Ausbildung absolvierte ich im somatischen Bereich, arbeitete im Paraplegiker Zentrum (SPZ) Nottwil, auf \u00dcberwachungsstationen, im Notfall und auf weiteren Fachgebieten der Medizin. Mein Herzblut in meiner Arbeit stellte mich nie ganz zufrieden, dies, weil der Mensch in seinem Sein leider oft wenig Platz findet im oftmals hektischen Spitalalltag. Ich wollte mehr bewirken. Dies war der Grund, warum ich nach meiner Ausbildungszeit in die Psychiatrische Pflege wechselte. Hier durfte ich meinen Rucksack an Erfahrungen im ambulanten, sozialpsychiatrischen, teilstation\u00e4ren aber auch im station\u00e4ren Rahmen bereichern. Ich habe mir theoretische, aber auch praktische Erfahrungen im Bereich der Kinder und Jugendpsychiatrie, in der Forensik bis hin zur Gerontopsychiatrie angeeignet.<\/p>\n\n\n\n<p class=\"has-black-color has-text-color has-link-color wp-elements-95a61078ab63baaf740f834491216afd\">Als Familienmanagerin, Patchworkerin und Mama von 3 wunderbaren Jungs stehe ich immer aber auch auf der anderen Seite. Ich kenne die Spannungsfelder, den Druck und die t\u00e4glichen Herausforderungen, welche das Leben mit sich bringen. Genau dieser Spagat, das Leben in einer Welt auf der \u00dcberholspur mit hohem Anforderungsprofil an Kinder, Frauen aber auch an den Mann, macht es mir m\u00f6glich, noch empathischer und feinf\u00fchliger die Beziehung zu Ihnen zu pflegen und Sie auf Ihrem pers\u00f6nlichen Weg zu begleiten. Nebst der fachlichen Kompetenz ist es meine St\u00e4rke, Zwischenmenschliches und Unterbewusstes besonders sensibel wahrzunehmen. Es ist mir ein Anliegen, dass Sie allein den Weg bestimmen, ich Ihnen aber den n\u00f6tigen Halt, aber auch Mut vermittle, diesen zu gehen. Ich bin motiviert, zusammen den Weg mit Ihnen ein St\u00fcck zu gehen und Sie aus meinem Rucksack an Erfahrungen profitieren zu lassen.<\/p>\n\n\n\n<p class=\"has-black-color has-text-color has-link-color wp-elements-90d4dd51bdf180999ebe16d40cd1cd14\">Um selbst den Erwartungen Stand zu halten, das Gleichgewicht f\u00fcr den Spagat zu halten, tanke ich gerne Kraft zusammen mit meinen Herzmenschen. Nur dank einem starken Umfeld, einer gro\u00dfartigen Familie ist es mir m\u00f6glich, meinen Weg zu gehen. Zeit zu verbringen mit diesen Menschen, in der wunderbaren Bergwelt, auf einem Ausflug oder einfach zu Hause, das schenkt mir Energie. Als passionierte Hobbyk\u00f6chin und Genie\u00dferin stehe ich gerne und lange in der K\u00fcche. Danach vielen hungrigen M\u00e4ulern eine Freude zu bereiten, ist Seelenbalsam f\u00fcr mich. Ein L\u00e4cheln, ein dankbarer H\u00e4ndedruck eine Ber\u00fchrung, die f\u00fcr sich spricht, ein zufriedenes und gl\u00fcckliches Gegen\u00fcber, ist es, was meine Motivation, meine Freude und Kreativit\u00e4t immer wieder mit neuem Herzblut entfachen l\u00e4sst.<\/p>\n\n\n\n<p class=\"has-black-color has-text-color has-link-color wp-elements-893b2d98e7837a11d15ad8c5f7abc1c5\">Gerne tauche ich auch mal ganz ab genie\u00dfe Zeit allein oder mit Freundinnen. Meine Lebenslust kann ich beim Tanzen vollkommen ausleben.<\/p>\n\n\n\n<p class=\"has-black-color has-text-color has-link-color wp-elements-a2053c1cd19badafb270ddd6a454249e\">&nbsp;Zusammen mit Ihnen m\u00f6chte ich, dass Ihr Herz nicht einfach nur schl\u00e4gt, sondern wieder zu tr\u00e4umen wagt, dass Sie Ihre Tr\u00e4ume wieder auf Ihren Weg pflanzen zu wagen. Ich helfe Ihnen dabei, sie zu gie\u00dfen und zu pflegen um sie dann wachsen zu sehen.<\/p>\n","protected":false},"excerpt":{"rendered":"<p>Ich bin in einem kleinen Grafenst\u00e4dtchen im Heidiland gro\u00df geworden. Bereits als kleinstes M\u00e4dchen faszinierten mich soziale Kontakte, Menschen aus verschiedenen L\u00e4ndern und Schichten. Mein sonniges Gem\u00fct und meine offene Art wurden mir in die Wiege gelegt und erm\u00f6glichten es mir, diese Kontakte aufzunehmen, zu pflegen und zu erhalten. Steine auf meinem Weg, anders sein,&hellip; <br \/> <a class=\"read-more\" href=\"https:\/\/psychiatrie-zentral.ch\/?page_id=51\">Weiterlesen<\/a><\/p>\n","protected":false},"author":2,"featured_media":81,"parent":0,"menu_order":0,"comment_status":"closed","ping_status":"closed","template":"","meta":{"footnotes":""},"class_list":["post-51","page","type-page","status-publish","has-post-thumbnail","hentry"],"jetpack_sharing_enabled":true,"_links":{"self":[{"href":"https:\/\/psychiatrie-zentral.ch\/index.php?rest_route=\/wp\/v2\/pages\/51","targetHints":{"allow":["GET"]}}],"collection":[{"href":"https:\/\/psychiatrie-zentral.ch\/index.php?rest_route=\/wp\/v2\/pages"}],"about":[{"href":"https:\/\/psychiatrie-zentral.ch\/index.php?rest_route=\/wp\/v2\/types\/page"}],"author":[{"embeddable":true,"href":"https:\/\/psychiatrie-zentral.ch\/index.php?rest_route=\/wp\/v2\/users\/2"}],"replies":[{"embeddable":true,"href":"https:\/\/psychiatrie-zentral.ch\/index.php?rest_route=%2Fwp%2Fv2%2Fcomments&post=51"}],"version-history":[{"count":9,"href":"https:\/\/psychiatrie-zentral.ch\/index.php?rest_route=\/wp\/v2\/pages\/51\/revisions"}],"predecessor-version":[{"id":351,"href":"https:\/\/psychiatrie-zentral.ch\/index.php?rest_route=\/wp\/v2\/pages\/51\/revisions\/351"}],"wp:featuredmedia":[{"embeddable":true,"href":"https:\/\/psychiatrie-zentral.ch\/index.php?rest_route=\/wp\/v2\/media\/81"}],"wp:attachment":[{"href":"https:\/\/psychiatrie-zentral.ch\/index.php?rest_route=%2Fwp%2Fv2%2Fmedia&parent=51"}],"curies":[{"name":"wp","href":"https:\/\/api.w.org\/{rel}","templated":true}]}}