{"id":56,"date":"2023-10-16T19:11:40","date_gmt":"2023-10-16T19:11:40","guid":{"rendered":"https:\/\/genti.ch\/?page_id=56"},"modified":"2024-03-21T10:17:46","modified_gmt":"2024-03-21T10:17:46","slug":"juliane-emmerich","status":"publish","type":"page","link":"https:\/\/psychiatrie-zentral.ch\/?page_id=56","title":{"rendered":"Juliane Emmerich"},"content":{"rendered":"\n<p class=\"has-black-color has-text-color has-link-color wp-elements-66845b9b658e5eab9115cd96b8f3211f\">Kontakt und Anmeldungen:<\/p>\n\n\n\n<p class=\"has-black-color has-text-color has-link-color wp-elements-7d2e1ffc36d6a6986198164412f70afd\">Tel.: 077 475 14 11<br>Mail: <a href=\"mailto:juliane.emmerich@psychologie.ch\">juliane.emmerich@psychologie.ch<\/a><\/p>\n\n\n\n<p class=\"has-black-color has-text-color has-link-color wp-elements-9018d2c8f60b0e14602d28d9181ecf2b\">Im gesch\u00fctzten Rahmen der Psychotherapie ist es mir ein Anliegen eine vertrauensvolle Atmosph\u00e4re zu schaffen. Gern begegne ich Ihnen mit Mitgef\u00fchl und Menschlichkeit, um Sie auf Ihrem Weg zu eigener Akzeptanz und dem Verm\u00f6gen, sich selbst helfen zu k\u00f6nnen, zu begleiten. Wir werden zusammen Perspektiven entwickeln, die Ihnen helfen k\u00f6nnen schwierige Zeiten zu \u00fcberwinden. Dabei hilft mir mein Fachwissen aus der kognitiven Verhaltenstherapie., insbesondere der Schematherapie, Self Compassion Therapy und Achtsamkeit\/ Mindfulness. Ich helfe Ihnen beim Identifizieren hinderlicher Muster in Beziehungen, blockierender Gedanken und\/oder st\u00f6render Verhaltensweisen. Gemeinsam \u00fcberlegen wir, welche Schritte es f\u00fcr passendere Gedanken und stimmiges Verhalten ben\u00f6tigt. Entwickeln Sie Verst\u00e4ndnis und Mitgef\u00fchl f\u00fcr sich und lernen Sie sich selbst optimal zu unterst\u00fctzen.\u00a0<\/p>\n\n\n\n<p class=\"has-black-color has-text-color has-link-color wp-elements-cba33ff5c44ff9ddd909cc92c28f1264\"><strong>Zu meiner Person<\/strong><br>Aufgewachsen bin ich in (Ost)-Berlin. Seit vielen Jahren lebe ich bereits in der Schweiz. Ich liebe die Natur, Musik, Kunst und meine Familie. Letzere fordert mich auch immer wieder heraus und zeigt die Grenzen des (Besser)Wissens. \u00a0<\/p>\n\n\n\n<p class=\"has-black-color has-text-color has-link-color wp-elements-c32c320f03ab7badb02c44dd2366fcfc\"><strong>Praxisteam<\/strong><\/p>\n\n\n\n<ul class=\"wp-block-list\">\n<li>Meine Praxiskollegin Jacqueline Schmidt (Dipl. Pflegefachfrau HF Psychiatrie<strong>)&nbsp;<\/strong>bietet im Raum Luzern und Umgebung individuell begleitete Spitex f\u00fcr Menschen mit psychischen Problemen an.<\/li>\n\n\n\n<li>angehende Therapieh\u00fcndin Mila: Kuschelb\u00e4rin, Raufnudel und Entspannungsk\u00fcnstlerin<\/li>\n<\/ul>\n\n\n\n<p class=\"has-black-color has-text-color has-link-color wp-elements-daddbe635259fb45e1930d2d2ef9075e\"><strong>Ausbildung<\/strong><\/p>\n\n\n\n<ul class=\"wp-block-list\">\n<li>2023 Fortbildungen in Schematherapie und Self Compassion Therapy<\/li>\n\n\n\n<li>2022 Master im Nachdiplomstudium Psychotherapie (Master of advanced studies UZH in Kognitiver Verhaltenstherapie und Verhaltensmedizin) an der Universit\u00e4t Z\u00fcrich<\/li>\n\n\n\n<li>2005 Diplom in Psychologie mit Nebenfach Psychopathologie an der Universit\u00e4t Z\u00fcrich und TU Berlin (Deutschland)<\/li>\n\n\n\n<li>1999 Bachelor in Germanistischer Linguistik und Zentralasienstudien (Humboldt Universit\u00e4t Berlin, Deutschland)<\/li>\n<\/ul>\n\n\n\n<p class=\"has-black-color has-text-color has-link-color wp-elements-edc5f53a80fe480714aee8ecbf8e27fc\"><strong>Arbeitserfahrung<\/strong><\/p>\n\n\n\n<ul class=\"wp-block-list\">\n<li>seit 2023 als selbst\u00e4ndig arbeitende eidgen\u00f6ssisch anerkannte Psychotherapeutin in der Praxis f\u00fcr Psychotherapie Emmerich in Rotkreuz<\/li>\n\n\n\n<li>2019 &#8211; 2022 in der Praxis Dr. L. Deutschenbaur, delegierte Psychotherapie im \u00c4rztezentrum Zur Linde in Rotkreuz<\/li>\n\n\n\n<li>2017 &#8211; 2019 in der Praxis Dr. Ch. Schnyder, delegierte Psychotherapie, Andreasklinik\/ Cham und im \u00c4rztezentrum Zur Linde\/ Rotkreuz<\/li>\n\n\n\n<li>2008 \u2013 2016 als Klinische Psychologin in der Psychiatrischen Poliklinik des Universit\u00e4tsSpitals Z\u00fcrich (USZ) in der Sprechstunde f\u00fcr Angst- und Zwangsspektrumsst\u00f6rungen unter der Leitung PD Dr A. Delsignore und Prof. Dr. St. Weidt\n<ul class=\"wp-block-list\">\n<li>Durchf\u00fchrung von kognitiv verhaltenstherapeutischer Einzel- und Gruppentherapien zur Bew\u00e4ltigung von \u00c4ngsten (Panik, Soziale Phobie), Zwangserkrankungen sowie Einf\u00fchrung in die Achtsamkeit<\/li>\n\n\n\n<li>2014 &#8211; 2016 \u00fcbernahme der Co-Leitung dezentraler Kurse in der Ausbildung der Assistenz\u00e4rzte<\/li>\n\n\n\n<li>2008 als Klinische Psychologin in der interdisziplin\u00e4ren Schwindelsprechstunde des Universit\u00e4tsSpitals unter der Leitung Prof. Straumann<\/li>\n<\/ul>\n<\/li>\n\n\n\n<li>2010 \u2013 2012 Delegierte Psychotherapeutin in der Praxis Dr. Maag in Winterthur (ZH)<\/li>\n\n\n\n<li>2007 \u2013 2008 angestellt als PG Psychologin im Psychiatrie-Zentrum Rheintal (SG)<\/li>\n\n\n\n<li>2005 \u2013 2007 Wissenschaftliche Mitarbeiterin in Bern: UPD Waldau\/ Arbeitsgruppe Psychotherapieforschung (Dr. V. Roder)<\/li>\n\n\n\n<li>2004 &#8211; 2005 Psychologische Diagnostik als studentische Angestellte in der Kinderarztpraxis Dr. Thomas Wilke (Berlin, Deutschland)<\/li>\n\n\n\n<li>2004 &#8211; 2005 Psychologiepraktikantin im Pferdetherapieprojekt an der FU-Berlin und des Legastheniezentrums Sch\u00f6neberg (Deutschland)<\/li>\n\n\n\n<li>1997 &#8211; 2002 studentische Angestellte in der Behindertenassistenz im Verein f\u00fcr selbstbestimmtes Leben \u201eAmbulante Dienste e.V.\u201c&nbsp; in Berlin, Deutschland<\/li>\n<\/ul>\n\n\n\n<p class=\"has-black-color has-text-color has-link-color wp-elements-327ca6aa9ca41584aa5aebe5757d4760\">F\u00fcr weitere Informationen zu meiner Person und meinem Angebot klicken sie auf folgenden Link:<\/p>\n\n\n\n<p class=\"has-black-color has-text-color has-link-color wp-elements-9b64cdd6d6f4549b73743db4e3cb5abf\"><a href=\"https:\/\/www.psychologie.ch\/de\/psyfinder\/juliane-emmerich\">Juliane Emmerich &#8211; Psyfinder &#8211; F\u00f6deration der Schweizer Psychologinnen und Psychologen (psychologie.ch)<\/a><\/p>\n\n\n\n<p class=\"has-black-color has-text-color has-link-color wp-elements-66845b9b658e5eab9115cd96b8f3211f\">Kontakt und Anmeldungen:<\/p>\n\n\n\n<p class=\"has-black-color has-text-color has-link-color wp-elements-7d2e1ffc36d6a6986198164412f70afd\">Tel.: 077 475 14 11<br>Mail: <a href=\"mailto:juliane.emmerich@psychologie.ch\">juliane.emmerich@psychologie.ch<\/a><\/p>\n","protected":false},"excerpt":{"rendered":"<p>Kontakt und Anmeldungen: Tel.: 077 475 14 11Mail: juliane.emmerich@psychologie.ch Im gesch\u00fctzten Rahmen der Psychotherapie ist es mir ein Anliegen eine vertrauensvolle Atmosph\u00e4re zu schaffen. Gern begegne ich Ihnen mit Mitgef\u00fchl und Menschlichkeit, um Sie auf Ihrem Weg zu eigener Akzeptanz und dem Verm\u00f6gen, sich selbst helfen zu k\u00f6nnen, zu begleiten. Wir werden zusammen Perspektiven entwickeln,&hellip; <br \/> <a class=\"read-more\" href=\"https:\/\/psychiatrie-zentral.ch\/?page_id=56\">Weiterlesen<\/a><\/p>\n","protected":false},"author":2,"featured_media":0,"parent":0,"menu_order":0,"comment_status":"closed","ping_status":"closed","template":"","meta":{"footnotes":""},"class_list":["post-56","page","type-page","status-publish","hentry"],"jetpack_sharing_enabled":true,"_links":{"self":[{"href":"https:\/\/psychiatrie-zentral.ch\/index.php?rest_route=\/wp\/v2\/pages\/56","targetHints":{"allow":["GET"]}}],"collection":[{"href":"https:\/\/psychiatrie-zentral.ch\/index.php?rest_route=\/wp\/v2\/pages"}],"about":[{"href":"https:\/\/psychiatrie-zentral.ch\/index.php?rest_route=\/wp\/v2\/types\/page"}],"author":[{"embeddable":true,"href":"https:\/\/psychiatrie-zentral.ch\/index.php?rest_route=\/wp\/v2\/users\/2"}],"replies":[{"embeddable":true,"href":"https:\/\/psychiatrie-zentral.ch\/index.php?rest_route=%2Fwp%2Fv2%2Fcomments&post=56"}],"version-history":[{"count":4,"href":"https:\/\/psychiatrie-zentral.ch\/index.php?rest_route=\/wp\/v2\/pages\/56\/revisions"}],"predecessor-version":[{"id":226,"href":"https:\/\/psychiatrie-zentral.ch\/index.php?rest_route=\/wp\/v2\/pages\/56\/revisions\/226"}],"wp:attachment":[{"href":"https:\/\/psychiatrie-zentral.ch\/index.php?rest_route=%2Fwp%2Fv2%2Fmedia&parent=56"}],"curies":[{"name":"wp","href":"https:\/\/api.w.org\/{rel}","templated":true}]}}