{"id":7,"date":"2023-10-16T17:39:04","date_gmt":"2023-10-16T17:39:04","guid":{"rendered":"https:\/\/genti.ch\/?page_id=7"},"modified":"2025-02-07T12:24:17","modified_gmt":"2025-02-07T12:24:17","slug":"mesmerize","status":"publish","type":"page","link":"https:\/\/psychiatrie-zentral.ch\/","title":{"rendered":"Home"},"content":{"rendered":"<div  data-label=\"Content\" data-id=\"content--3\" data-export-id=\"content-3\" data-category=\"content\" class=\"content-3 content-section content-section-spacing\" id=\"content-3\" style=\"background-color: rgb(245, 250, 253);\"><div > <div  class=\"row middle-xs\"><div  class=\"col-sm-7 full-col-left-padding full-col-right-padding\"> <div  class=\"row\"><div  data-type=\"column\" class=\"space-bottom-small content-title-col\">  <h2  class=\"\">Angebot<\/h2> <p  class=\"\">Ich betrete da ihren Weg, wo Sie stehen und nicht mehr wissen wie sie weitersollen oder unsicher sind, dies allein zu tun.<br ><br >Mein Angebot richtet sich an Menschen mit einer psychiatrischen Diagnose oder einer belastenden psychosozialen Situation.<\/p><\/div> <\/div> <div  class=\"row spaced-cols\" data-type=\"row\"> <div  class=\"col-xs-6\" data-type=\"column\"> <h5  class=\"\">Psychiatrische Pflege<\/h5> <p  class=\"\">kompetent, klar, individuell, humorvoll\u2026<\/p><\/div> <div  class=\"col-xs-6\" data-type=\"column\"><h5  class=\"\">Psychosoziale Begleitung<\/h5> <p  class=\"\">empathisch, st\u00fctzend, nahbar, aus dem Leben\u2026<\/p><\/div> <div  class=\"col-xs-6\" data-type=\"column\"><h5  class=\"\">Workshop<\/h5> <p  class=\"\">Fachwissen und Lebensthemen in Gruppen vermittelt\u2026<\/p><\/div> <div  class=\"col-xs-6\" data-type=\"column\"><h5  class=\"\">Coaching<\/h5> <p  class=\"\">motivierend, kl\u00e4rend, positiv, l\u00f6sungsorientiert\u2026<\/p><\/div> <\/div><\/div> <div  class=\"col-sm-5 bg-image shadow-large-black revert-classes-holder\" data-bg=\"image\" style=\"background-image: url(&quot;https:\/\/psychiatrie-zentral.ch\/wp-content\/uploads\/2023\/12\/cropped-cherry-blossoms-4951853_1280.png&quot;);\"><\/div><\/div> <\/div><\/div><div  data-label=\"Content\" data-id=\"content--1\" data-export-id=\"content-7\" data-category=\"content\" class=\"content-7 content-section content-section-spacing\" id=\"content-1\" style=\"background-color: rgb(255, 255, 255);\"><div  class=\"gridContainer\"> <div  class=\"row middle-sm\"><div  class=\"col-sm-6 space-bottom-xs\" data-type=\"column\"> <h2  class=\"\">Anmeldung<\/h2> <p  class=\"\">Anmeldungen d\u00fcrfen Betroffene, Angeh\u00f6rige, Therapeuten, Beh\u00f6rden, Kliniken, Praxen und alle Interessierten machen.<br ><br >Bedingung (gilt nicht f\u00fcr Selbstbezahler), sie haben mit einem Arzt (Psychiater, Hausarzt) den Wunsch der Begleitung durch mich besprochen und dieser heisst dies gut. Sie brauchen vorg\u00e4ngig KEINE Verordnung. Ihr Behandler bekommt nach unserem Erstkontakt meine Bedarfsabkl\u00e4rung zur \u00dcberpr\u00fcfung und Unterzeichnung zugesandt.<br ><br >F\u00fcr eine Terminanfrage w\u00e4hlen sie bitte die Rubrik KONTAKT.<\/p> <a  class=\"button color1\" href=\"https:\/\/psychiatrie-zentral.ch?page_id=28\" target=\"_blank\" data-cp-link=\"1\" rel=\"noopener\">Kontakt<\/a><\/div> <div  class=\"col-sm-6\" data-type=\"column\"> <img  decoding=\"async\" class=\"shadow-large\" src=\"https:\/\/psychiatrie-zentral.ch\/wp-content\/uploads\/2023\/12\/cropped-dandelion-4536005_1280-2.png\" title=\"cropped-dandelion-4536005_1280-2.png\" alt=\"\"><\/div> <\/div><\/div> <\/div><div  data-label=\"Team\" data-id=\"team--2\" data-export-id=\"team-5\" data-category=\"team\" class=\"team-5 content-section content-section-spacing\" id=\"team-2\" style=\"background-color: rgb(245, 250, 253);\"><div  class=\"gridContainer\"> <div  class=\"row text-center\"><div  class=\"section-title-col\" data-type=\"column\"> <h2  class=\"\">Gemeinschaftspraxis<\/h2> <p  class=\"lead\">Seit dem Fr\u00fchling 2023 f\u00fcllt meine wunderbare Kollegin, Psychologin und Psychotherapeutin Juliane Emmerich zusammen mit ihrer Therapieh\u00fcndin Mila die Praxis mit noch mehr Leben und Freude. Es ist eine tolle Bereicherung Juliane Emmerich und Mila mit auf meinem Weg zu wissen.<\/p><\/div> <\/div> <div  class=\"row spaced-cols content-center-sm\" data-type=\"row\"> <div  class=\"col-xs-12 col-sm-6 col-md-3 col-padding\"> <div  class=\"row \"> <div  data-type=\"column\" class=\"col-xs-12 col-sm-12\"> <img  decoding=\"async\" class=\"round face\" src=\"https:\/\/psychiatrie-zentral.ch\/wp-content\/uploads\/2025\/02\/cropped-IMG-20250207-WA0003.jpg\" title=\"cropped-IMG-20250207-WA0003.jpg\" alt=\"\"> <h4  class=\"font-500\">Jacqueline Schmidt<\/h4> <p  class=\"italic\">Dipl. Pflegefachfrau HF Psychiatrie<\/p> <p  class=\"\">\u201eIch begleite Sie da, wo Sie sich wohl f\u00fchlen und sie mich brauchen.\u201c<\/p> <div  class=\"social-icons-group\" data-type=\"group\"> <a  href=\"#\" target=\"_self\" rel=\"noopener\" data-reiki-hidden=\"true\"><i  class=\"gray fa icon fa-facebook-square\"><\/i><\/a> <a  href=\"#\" target=\"_self\" rel=\"noopener\" data-reiki-hidden=\"true\"><i  class=\"gray fa icon fa-twitter-square\"><\/i><\/a> <a  href=\"#\" target=\"_self\" rel=\"noopener\" data-reiki-hidden=\"true\"><i  class=\"gray fa icon fa-linkedin-square\"><\/i><\/a> <a  href=\"#\" target=\"_self\" data-reiki-hidden=\"true\" rel=\"noopener\"><i  class=\"gray fa icon fa-google-plus-square\"><\/i><\/a><\/div> <\/div><\/div> <\/div> <div  class=\"col-xs-12 col-sm-6 col-md-3 col-padding\"> <div  class=\"row \"> <div  data-type=\"column\" class=\"col-xs-12 col-sm-12\"> <img  decoding=\"async\" class=\"round face\" src=\"https:\/\/psychiatrie-zentral.ch\/wp-content\/uploads\/2023\/10\/cropped-1681762351375-3.jpg\" title=\"cropped-1681762351375-3.jpg\" alt=\"\"> <h4  class=\"font-500\">Juliane Emmerich<\/h4> <p  class=\"italic\">Psychologin und Psychotherapeutin  <\/p> <p  class=\"\">Wollen Sie \u201eJa\u201c zu sich sagen k\u00f6nnen? Freundlich &amp; wertsch\u00e4tzend mit sich umgehen lernen? Eine mitf\u00fchlende Haltung l\u00e4sst sich trainieren.<\/p> <div  class=\"social-icons-group\" data-type=\"group\"> <a  href=\"#\" target=\"_self\" rel=\"noopener\" data-reiki-hidden=\"true\"><i  class=\"gray fa icon fa-facebook-square\"><\/i><\/a> <a  href=\"#\" target=\"_self\" rel=\"noopener\" data-reiki-hidden=\"true\"><i  class=\"gray fa icon fa-twitter-square\"><\/i><\/a> <a  href=\"#\" target=\"_self\" rel=\"noopener\" data-reiki-hidden=\"true\"><i  class=\"gray fa icon fa-linkedin-square\"><\/i><\/a> <a  href=\"#\" target=\"_self\" data-reiki-hidden=\"true\" rel=\"noopener\"><i  class=\"gray fa icon fa-google-plus-square\"><\/i><\/a><\/div> <\/div><\/div> <\/div>      <\/div> <\/div><\/div><div  data-label=\"Contact\" data-id=\"contact--1\" data-export-id=\"contact-1\" data-category=\"contact\" class=\"contact-1 content-section content-section-spacing white-text\" data-parallax-depth=\"20\" id=\"contact-1\" style=\"background-color: rgb(255, 255, 255);\"><div  class=\"gridContainer\"> <div  class=\"row text-center\"><div  class=\"section-title-col\" data-type=\"column\"> <h2  class=\"\">Kontaktieren Sie uns<\/h2> <p  class=\"lead\">W\u00e4hlen sie bequem aus, welches f\u00fcr sie den stimmigen Weg ist mich zu erreichen.&nbsp;<br >Schreiben sie mir ein Mail, rufen sie mich an, senden sie mir ein Whatsapp, Threema oder eine Sprachnachricht.&nbsp;Oder f\u00fcllen sie das Kontaktformular aus und ich melde mich bei ihnen.<br ><br >Mail: Schmidt.ja@hin.ch (Anfragen oder Anmeldungen per Mail werden sp\u00e4testens innert 48h bearbeitet)<br ><br >Tel: 076 260 40 08&nbsp;(f\u00fcr einen R\u00fcckruf zwingend auf die Sprachbox sprechen)<\/p><\/div> <\/div> <div  class=\"row text-center\"> <div  class=\"col-xs-12 col-sm-8 col-sm-offset-2 contact-form-wrapper inline-info\"> <div  class=\"card large-padding\"> <div  class=\"\" data-content-shortcode=\"mesmerize_contact_form shortcode=&quot;contact-form-7 id=&amp;amp;quot;af0bec8&amp;amp;quot; title=&amp;amp;quot;Kontaktformular 1&amp;amp;quot;&quot;\" data-editable=\"true\">\n<div class=\"wpcf7 no-js\" id=\"wpcf7-f44-o1\" lang=\"de-DE\" dir=\"ltr\" data-wpcf7-id=\"44\">\n<div class=\"screen-reader-response\"><p role=\"status\" aria-live=\"polite\" aria-atomic=\"true\"><\/p> <ul><\/ul><\/div>\n<form action=\"\/index.php?rest_route=%2Fwp%2Fv2%2Fpages%2F7#wpcf7-f44-o1\" method=\"post\" class=\"wpcf7-form init\" aria-label=\"Kontaktformular\" novalidate=\"novalidate\" data-status=\"init\">\n<fieldset class=\"hidden-fields-container\"><input type=\"hidden\" name=\"_wpcf7\" value=\"44\" \/><input type=\"hidden\" name=\"_wpcf7_version\" value=\"6.1.5\" \/><input type=\"hidden\" name=\"_wpcf7_locale\" value=\"de_DE\" \/><input type=\"hidden\" name=\"_wpcf7_unit_tag\" value=\"wpcf7-f44-o1\" \/><input type=\"hidden\" name=\"_wpcf7_container_post\" value=\"0\" \/><input type=\"hidden\" name=\"_wpcf7_posted_data_hash\" value=\"\" \/>\n<\/fieldset>\n<p><label> Ihr Name<br \/>\n<span class=\"wpcf7-form-control-wrap\" data-name=\"your-name\"><input size=\"40\" maxlength=\"400\" class=\"wpcf7-form-control wpcf7-text wpcf7-validates-as-required\" autocomplete=\"name\" aria-required=\"true\" aria-invalid=\"false\" value=\"\" type=\"text\" name=\"your-name\" \/><\/span> <\/label>\n<\/p>\n<p><label> Ihre E-Mail-Adresse<br \/>\n<span class=\"wpcf7-form-control-wrap\" data-name=\"your-email\"><input size=\"40\" maxlength=\"400\" class=\"wpcf7-form-control wpcf7-email wpcf7-validates-as-required wpcf7-text wpcf7-validates-as-email\" autocomplete=\"email\" aria-required=\"true\" aria-invalid=\"false\" value=\"\" type=\"email\" name=\"your-email\" \/><\/span> <\/label>\n<\/p>\n<p><label> Betreff<br \/>\n<span class=\"wpcf7-form-control-wrap\" data-name=\"your-subject\"><input size=\"40\" maxlength=\"400\" class=\"wpcf7-form-control wpcf7-text wpcf7-validates-as-required\" aria-required=\"true\" aria-invalid=\"false\" value=\"\" type=\"text\" name=\"your-subject\" \/><\/span> <\/label>\n<\/p>\n<p><label> Ihre Anfrage<br \/>\n<span class=\"wpcf7-form-control-wrap\" data-name=\"your-message\"><textarea cols=\"40\" rows=\"10\" maxlength=\"2000\" class=\"wpcf7-form-control wpcf7-textarea\" aria-invalid=\"false\" name=\"your-message\"><\/textarea><\/span> <\/label>\n<\/p>\n<p><input class=\"wpcf7-form-control wpcf7-submit has-spinner\" type=\"submit\" value=\"Senden\" \/>\n<\/p><div class=\"wpcf7-response-output\" aria-hidden=\"true\"><\/div>\n<\/form>\n<\/div>\n<\/div><\/div> <\/div><\/div> <\/div><\/div>","protected":false},"excerpt":{"rendered":"<p>Angebot Ich betrete da ihren Weg, wo Sie stehen und nicht mehr wissen wie sie weitersollen oder unsicher sind, dies allein zu tun.Mein Angebot richtet sich an Menschen mit einer psychiatrischen Diagnose oder einer belastenden psychosozialen Situation. Psychiatrische Pflege kompetent, klar, individuell, humorvoll\u2026 Psychosoziale Begleitung empathisch, st\u00fctzend, nahbar, aus dem Leben\u2026 Workshop Fachwissen und Lebensthemen&hellip; <br \/> <a class=\"read-more\" href=\"https:\/\/psychiatrie-zentral.ch\/\">Weiterlesen<\/a><\/p>\n","protected":false},"author":2,"featured_media":0,"parent":0,"menu_order":0,"comment_status":"closed","ping_status":"closed","template":"page-templates\/homepage.php","meta":{"footnotes":""},"class_list":["post-7","page","type-page","status-publish","hentry"],"jetpack_sharing_enabled":true,"_links":{"self":[{"href":"https:\/\/psychiatrie-zentral.ch\/index.php?rest_route=\/wp\/v2\/pages\/7","targetHints":{"allow":["GET"]}}],"collection":[{"href":"https:\/\/psychiatrie-zentral.ch\/index.php?rest_route=\/wp\/v2\/pages"}],"about":[{"href":"https:\/\/psychiatrie-zentral.ch\/index.php?rest_route=\/wp\/v2\/types\/page"}],"author":[{"embeddable":true,"href":"https:\/\/psychiatrie-zentral.ch\/index.php?rest_route=\/wp\/v2\/users\/2"}],"replies":[{"embeddable":true,"href":"https:\/\/psychiatrie-zentral.ch\/index.php?rest_route=%2Fwp%2Fv2%2Fcomments&post=7"}],"version-history":[{"count":42,"href":"https:\/\/psychiatrie-zentral.ch\/index.php?rest_route=\/wp\/v2\/pages\/7\/revisions"}],"predecessor-version":[{"id":349,"href":"https:\/\/psychiatrie-zentral.ch\/index.php?rest_route=\/wp\/v2\/pages\/7\/revisions\/349"}],"wp:attachment":[{"href":"https:\/\/psychiatrie-zentral.ch\/index.php?rest_route=%2Fwp%2Fv2%2Fmedia&parent=7"}],"curies":[{"name":"wp","href":"https:\/\/api.w.org\/{rel}","templated":true}]}}