{"id":86,"date":"2023-12-12T08:49:00","date_gmt":"2023-12-12T08:49:00","guid":{"rendered":"https:\/\/genti.ch\/?page_id=86"},"modified":"2024-04-10T17:03:30","modified_gmt":"2024-04-10T17:03:30","slug":"anmeldung","status":"publish","type":"page","link":"https:\/\/psychiatrie-zentral.ch\/?page_id=86","title":{"rendered":"Anmeldung"},"content":{"rendered":"\n<p class=\"has-black-color has-text-color has-link-color wp-elements-3c31d5ac087fe75d0b2a52c1fc616d12\">Anmeldungen d\u00fcrfen Betroffene, Angeh\u00f6rige, Therapeuten, Beh\u00f6rden, Kliniken, Praxen und alle Interessierten machen.<\/p>\n\n\n\n<p class=\"has-black-color has-text-color has-link-color wp-elements-6a49c9ac139d7e98be616cb1a3cda0d9\">Bedingung (gilt nicht f\u00fcr Selbstbezahler), sie haben mit einem Arzt (Psychiater, Hausarzt) den Wunsch der Begleitung durch mich besprochen und dieser hei\u00dft dies gut. Sie brauchen vorg\u00e4ngig KEINE Verordnung. Ihr Behandler bekommt nach unserem Erstkontakt meine Bedarfsabkl\u00e4rung zur \u00dcberpr\u00fcfung und Unterzeichnung zugesandt.<\/p>\n\n\n\n<p class=\"has-black-color has-text-color has-link-color wp-elements-021cf4cae7d3da21239a574dd28ca69a\">F\u00fcr eine Terminanfrage w\u00e4hlen sie bitte die Rubrik <a href=\"https:\/\/psychiatrie-zentral.ch\/?page_id=28\" data-type=\"link\" data-id=\"https:\/\/psychiatrie-zentral.ch\/?page_id=28\">KONTAKT<\/a>.<\/p>\n\n\n\n<figure class=\"wp-block-image size-large\"><img fetchpriority=\"high\" decoding=\"async\" width=\"1024\" height=\"724\" src=\"https:\/\/psychiatrie-zentral.ch\/wp-content\/uploads\/2024\/04\/notepad-3316997_1280-1024x724.png\" alt=\"\" class=\"wp-image-282\" srcset=\"https:\/\/psychiatrie-zentral.ch\/wp-content\/uploads\/2024\/04\/notepad-3316997_1280-1024x724.png 1024w, https:\/\/psychiatrie-zentral.ch\/wp-content\/uploads\/2024\/04\/notepad-3316997_1280-300x212.png 300w, https:\/\/psychiatrie-zentral.ch\/wp-content\/uploads\/2024\/04\/notepad-3316997_1280-768x543.png 768w, https:\/\/psychiatrie-zentral.ch\/wp-content\/uploads\/2024\/04\/notepad-3316997_1280.png 1280w\" sizes=\"(max-width: 1024px) 100vw, 1024px\" \/><\/figure>\n","protected":false},"excerpt":{"rendered":"<p>Anmeldungen d\u00fcrfen Betroffene, Angeh\u00f6rige, Therapeuten, Beh\u00f6rden, Kliniken, Praxen und alle Interessierten machen. Bedingung (gilt nicht f\u00fcr Selbstbezahler), sie haben mit einem Arzt (Psychiater, Hausarzt) den Wunsch der Begleitung durch mich besprochen und dieser hei\u00dft dies gut. Sie brauchen vorg\u00e4ngig KEINE Verordnung. Ihr Behandler bekommt nach unserem Erstkontakt meine Bedarfsabkl\u00e4rung zur \u00dcberpr\u00fcfung und Unterzeichnung zugesandt. F\u00fcr&hellip; <br \/> <a class=\"read-more\" href=\"https:\/\/psychiatrie-zentral.ch\/?page_id=86\">Weiterlesen<\/a><\/p>\n","protected":false},"author":2,"featured_media":0,"parent":0,"menu_order":0,"comment_status":"closed","ping_status":"closed","template":"","meta":{"footnotes":""},"class_list":["post-86","page","type-page","status-publish","hentry"],"jetpack_sharing_enabled":true,"_links":{"self":[{"href":"https:\/\/psychiatrie-zentral.ch\/index.php?rest_route=\/wp\/v2\/pages\/86","targetHints":{"allow":["GET"]}}],"collection":[{"href":"https:\/\/psychiatrie-zentral.ch\/index.php?rest_route=\/wp\/v2\/pages"}],"about":[{"href":"https:\/\/psychiatrie-zentral.ch\/index.php?rest_route=\/wp\/v2\/types\/page"}],"author":[{"embeddable":true,"href":"https:\/\/psychiatrie-zentral.ch\/index.php?rest_route=\/wp\/v2\/users\/2"}],"replies":[{"embeddable":true,"href":"https:\/\/psychiatrie-zentral.ch\/index.php?rest_route=%2Fwp%2Fv2%2Fcomments&post=86"}],"version-history":[{"count":5,"href":"https:\/\/psychiatrie-zentral.ch\/index.php?rest_route=\/wp\/v2\/pages\/86\/revisions"}],"predecessor-version":[{"id":283,"href":"https:\/\/psychiatrie-zentral.ch\/index.php?rest_route=\/wp\/v2\/pages\/86\/revisions\/283"}],"wp:attachment":[{"href":"https:\/\/psychiatrie-zentral.ch\/index.php?rest_route=%2Fwp%2Fv2%2Fmedia&parent=86"}],"curies":[{"name":"wp","href":"https:\/\/api.w.org\/{rel}","templated":true}]}}