{"id":92,"date":"2023-12-12T08:50:41","date_gmt":"2023-12-12T08:50:41","guid":{"rendered":"https:\/\/genti.ch\/?page_id=92"},"modified":"2024-04-08T09:28:45","modified_gmt":"2024-04-08T09:28:45","slug":"praxis-gemeinschaft","status":"publish","type":"page","link":"https:\/\/psychiatrie-zentral.ch\/?page_id=92","title":{"rendered":"Gemeinschafts- Praxis"},"content":{"rendered":"<div class=\"wp-block-image\">\n<figure class=\"aligncenter size-full is-resized\"><img fetchpriority=\"high\" decoding=\"async\" width=\"800\" height=\"807\" src=\"https:\/\/psychiatrie-zentral.ch\/wp-content\/uploads\/2023\/10\/1681762351375.jpg\" alt=\"\" class=\"wp-image-54\" style=\"width:312px;height:auto\" srcset=\"https:\/\/psychiatrie-zentral.ch\/wp-content\/uploads\/2023\/10\/1681762351375.jpg 800w, https:\/\/psychiatrie-zentral.ch\/wp-content\/uploads\/2023\/10\/1681762351375-297x300.jpg 297w, https:\/\/psychiatrie-zentral.ch\/wp-content\/uploads\/2023\/10\/1681762351375-150x150.jpg 150w, https:\/\/psychiatrie-zentral.ch\/wp-content\/uploads\/2023\/10\/1681762351375-768x775.jpg 768w\" sizes=\"(max-width: 800px) 100vw, 800px\" \/><\/figure>\n<\/div>\n\n\n<p class=\"has-black-color has-text-color has-link-color wp-elements-b23501698628432bb05c1ad922f74e9e\">Seit dem Fr\u00fchling 2023 f\u00fcllt meine wunderbare Kollegin, Psychologin und Psychotherapeutin <strong>Juliane Emmerich<\/strong> zusammen mit ihrer Therapieh\u00fcndin Mila die Praxis mit noch mehr Leben und Freude. Es ist eine tolle Bereicherung Juliane Emmerich und Mila mit auf meinem Weg zu wissen.<\/p>\n\n\n\n<p class=\"has-black-color has-text-color has-link-color wp-elements-4b68f5a7bc48b2589c05347973493e60\">F\u00fcr Anmeldungen bei Juliane Emmerich bitte ich sie Frau Emmerich pers\u00f6nlich zu kontaktieren. <br>Alle Daten hierf\u00fcr finden sie\u00a0 unter der Rubrik <a href=\"https:\/\/psychiatrie-zentral.ch\/?page_id=56\" data-type=\"link\" data-id=\"https:\/\/psychiatrie-zentral.ch\/?page_id=56\">\u00abJuliane Emmerich\u00bb<\/a><\/p>\n","protected":false},"excerpt":{"rendered":"<p>Seit dem Fr\u00fchling 2023 f\u00fcllt meine wunderbare Kollegin, Psychologin und Psychotherapeutin Juliane Emmerich zusammen mit ihrer Therapieh\u00fcndin Mila die Praxis mit noch mehr Leben und Freude. Es ist eine tolle Bereicherung Juliane Emmerich und Mila mit auf meinem Weg zu wissen. F\u00fcr Anmeldungen bei Juliane Emmerich bitte ich sie Frau Emmerich pers\u00f6nlich zu kontaktieren. Alle&hellip; <br \/> <a class=\"read-more\" href=\"https:\/\/psychiatrie-zentral.ch\/?page_id=92\">Weiterlesen<\/a><\/p>\n","protected":false},"author":2,"featured_media":141,"parent":0,"menu_order":0,"comment_status":"closed","ping_status":"closed","template":"","meta":{"footnotes":""},"class_list":["post-92","page","type-page","status-publish","has-post-thumbnail","hentry"],"jetpack_sharing_enabled":true,"_links":{"self":[{"href":"https:\/\/psychiatrie-zentral.ch\/index.php?rest_route=\/wp\/v2\/pages\/92","targetHints":{"allow":["GET"]}}],"collection":[{"href":"https:\/\/psychiatrie-zentral.ch\/index.php?rest_route=\/wp\/v2\/pages"}],"about":[{"href":"https:\/\/psychiatrie-zentral.ch\/index.php?rest_route=\/wp\/v2\/types\/page"}],"author":[{"embeddable":true,"href":"https:\/\/psychiatrie-zentral.ch\/index.php?rest_route=\/wp\/v2\/users\/2"}],"replies":[{"embeddable":true,"href":"https:\/\/psychiatrie-zentral.ch\/index.php?rest_route=%2Fwp%2Fv2%2Fcomments&post=92"}],"version-history":[{"count":7,"href":"https:\/\/psychiatrie-zentral.ch\/index.php?rest_route=\/wp\/v2\/pages\/92\/revisions"}],"predecessor-version":[{"id":236,"href":"https:\/\/psychiatrie-zentral.ch\/index.php?rest_route=\/wp\/v2\/pages\/92\/revisions\/236"}],"wp:featuredmedia":[{"embeddable":true,"href":"https:\/\/psychiatrie-zentral.ch\/index.php?rest_route=\/wp\/v2\/media\/141"}],"wp:attachment":[{"href":"https:\/\/psychiatrie-zentral.ch\/index.php?rest_route=%2Fwp%2Fv2%2Fmedia&parent=92"}],"curies":[{"name":"wp","href":"https:\/\/api.w.org\/{rel}","templated":true}]}}